{"id":168,"date":"2011-04-16T10:44:01","date_gmt":"2011-04-16T08:44:01","guid":{"rendered":"http:\/\/xn--lranshamnfrening-mwbj.se\/?page_id=168"},"modified":"2011-05-18T18:46:16","modified_gmt":"2011-05-18T16:46:16","slug":"projekt-1","status":"publish","type":"page","link":"http:\/\/xn--lranshamnfrening-mwbj.se\/?page_id=168","title":{"rendered":"Projekt 1"},"content":{"rendered":"<div class=\"members-access-error\">\n<p class=\"restricted\">Tyv\u00e4rr. Du m\u00e5ste vara inloggad f\u00f6r att f\u00e5 se denna sida.<\/p>\n<\/div>\n","protected":false},"excerpt":{"rendered":"<div class=\"members-access-error\">\n<p class=\"restricted\">Tyv\u00e4rr. Du m\u00e5ste vara inloggad f\u00f6r att f\u00e5 se denna sida.<\/p>\n<\/div>\n","protected":false},"author":1,"featured_media":302,"parent":41,"menu_order":0,"comment_status":"open","ping_status":"open","template":"","meta":[],"_links":{"self":[{"href":"http:\/\/xn--lranshamnfrening-mwbj.se\/index.php?rest_route=\/wp\/v2\/pages\/168"}],"collection":[{"href":"http:\/\/xn--lranshamnfrening-mwbj.se\/index.php?rest_route=\/wp\/v2\/pages"}],"about":[{"href":"http:\/\/xn--lranshamnfrening-mwbj.se\/index.php?rest_route=\/wp\/v2\/types\/page"}],"author":[{"embeddable":true,"href":"http:\/\/xn--lranshamnfrening-mwbj.se\/index.php?rest_route=\/wp\/v2\/users\/1"}],"replies":[{"embeddable":true,"href":"http:\/\/xn--lranshamnfrening-mwbj.se\/index.php?rest_route=%2Fwp%2Fv2%2Fcomments&post=168"}],"version-history":[{"count":4,"href":"http:\/\/xn--lranshamnfrening-mwbj.se\/index.php?rest_route=\/wp\/v2\/pages\/168\/revisions"}],"predecessor-version":[{"id":347,"href":"http:\/\/xn--lranshamnfrening-mwbj.se\/index.php?rest_route=\/wp\/v2\/pages\/168\/revisions\/347"}],"up":[{"embeddable":true,"href":"http:\/\/xn--lranshamnfrening-mwbj.se\/index.php?rest_route=\/wp\/v2\/pages\/41"}],"wp:featuredmedia":[{"embeddable":true,"href":"http:\/\/xn--lranshamnfrening-mwbj.se\/index.php?rest_route=\/wp\/v2\/media\/302"}],"wp:attachment":[{"href":"http:\/\/xn--lranshamnfrening-mwbj.se\/index.php?rest_route=%2Fwp%2Fv2%2Fmedia&parent=168"}],"curies":[{"name":"wp","href":"https:\/\/api.w.org\/{rel}","templated":true}]}}