{"id":190,"date":"2011-05-18T16:51:41","date_gmt":"2011-05-18T14:51:41","guid":{"rendered":"http:\/\/xn--lranshamnfrening-mwbj.se\/?page_id=190"},"modified":"2015-07-21T12:05:16","modified_gmt":"2015-07-21T10:05:16","slug":"introduktion","status":"publish","type":"page","link":"http:\/\/xn--lranshamnfrening-mwbj.se\/","title":{"rendered":""},"content":{"rendered":"<h2><strong>H\u00e4r hittar du information om L\u00f6rudden och L\u00f6rans hamnf\u00f6rening &#8211; v\u00e4lkommen!<\/strong><\/h2>\n<p><a href=\"http:\/\/xn--lranshamnfrening-mwbj.se\/wp-content\/uploads\/2011\/05\/DSC05637.jpg\"><img decoding=\"async\" loading=\"lazy\" class=\"alignnone size-full wp-image-299\" title=\"DSC05637\" src=\"http:\/\/xn--lranshamnfrening-mwbj.se\/wp-content\/uploads\/2011\/05\/DSC05637-e1305633562849.jpg\" alt=\"\" width=\"3072\" height=\"1228\" srcset=\"http:\/\/xn--lranshamnfrening-mwbj.se\/wp-content\/uploads\/2011\/05\/DSC05637-e1305633562849.jpg 3072w, http:\/\/xn--lranshamnfrening-mwbj.se\/wp-content\/uploads\/2011\/05\/DSC05637-e1305633562849-300x119.jpg 300w, http:\/\/xn--lranshamnfrening-mwbj.se\/wp-content\/uploads\/2011\/05\/DSC05637-e1305633562849-1024x409.jpg 1024w\" sizes=\"(max-width: 3072px) 100vw, 3072px\" \/><\/a>Det lilla fiskel\u00e4get vid Bottenhavet s\u00f6der om Sundsvall heter L\u00f6rudden, men kallas i dagligt tal f\u00f6r L\u00f6ran. D\u00e4rf\u00f6r anv\u00e4nds b\u00e5da namnen n\u00e4r det p\u00e5 den h\u00e4r hemsidan informeras om platsen och om den verksamhet som bedrivs i den intressef\u00f6rening som f\u00f6retr\u00e4der s\u00e5v\u00e4l bofasta som fritidsboende i ett antal gemensamma angel\u00e4genheter.<\/p>\n<p><img decoding=\"async\" class=\"alignright size-medium wp-image-139\" title=\"Loran sommar 2010 151\" src=\"http:\/\/xn--lranshamnfrening-mwbj.se\/wp-content\/uploads\/2011\/04\/Loran-sommar-2010-1511-300x199.jpg\" alt=\"\" \/><\/p>\n<p>&nbsp;<\/p>\n<p>Du som bara \u00e4r tillf\u00e4llig g\u00e4st ute vid\u00a0Br\u00e4m\u00f6sundet kan genom att klicka dig vidare till\u00a0sidan\u00a0<strong><a title=\"Om L\u00f6rudden\" href=\"\/?page_id=69\">L\u00f6rudden<\/a> <\/strong>l\u00e4ra dig lite mer om vad det \u00e4r f\u00f6r plats du bes\u00f6ker. Du hittar en del b\u00e5de om hur det var f\u00f6rr och om L\u00f6rudden av idag.<\/p>\n<p>&nbsp;<\/p>\n<p><img decoding=\"async\" loading=\"lazy\" class=\"alignleft size-medium wp-image-194\" title=\"Loran sommar 2010 069\" src=\"http:\/\/xn--lranshamnfrening-mwbj.se\/wp-content\/uploads\/2011\/05\/Loran-sommar-2010-069-300x199.jpg\" alt=\"\" width=\"300\" height=\"199\" \/>Under fliken<strong> <a title=\"Om Hamnf\u00f6reningen\" href=\"\/?page_id=91\">Hamnf\u00f6reningen <\/a><\/strong>ber\u00e4ttas b\u00e5de f\u00f6r medlemmar och andra om m\u00e5ls\u00e4ttningen med L\u00f6rans \u00a0 \u00a0 \u00a0 \u00a0 \u00a0 \u00a0 \u00a0 \u00a0 \u00a0 \u00a0 \u00a0 Hamnf\u00f6rening och vilka uppgifter \u00a0 \u00a0 \u00a0 \u00a0 \u00a0 \u00a0 \u00a0 \u00a0 \u00a0 f\u00f6reningen har.<\/p>\n<p>Senaste nytt om s\u00e5v\u00e4l L\u00f6rudden som \u00a0 \u00a0 \u00a0 \u00a0 \u00a0 \u00a0 f\u00f6reningens verksamhet finns bakom rubriken\u00a0<strong><a title=\"Nyheter\" href=\"\/?page_id=80\">Nyheter<\/a> <\/strong>och av intresse f\u00f6r alla\u00a0b\u00e5t\u00e4gare \u00e4r f\u00f6rst\u00e5s informationen om\u00a0<strong><a title=\"B\u00e5tplatser\" href=\"\/?page_id=31\">B\u00e5tplatser<\/a><\/strong>.<\/p>\n<p>\u00c5tkomligt enbart f\u00f6r f\u00f6reningsmedlemmar \u00e4r\u00a0<strong><a title=\"M\u00f6tesprotokoll\" href=\"\/?page_id=20\">M\u00f6tesprotokol<\/a><\/strong><a title=\"M\u00f6tesprotokoll\" href=\"\/?page_id=20\">l<\/a>,\u00a0<strong><a title=\"Medlemsregister\" href=\"\/?page_id=37\">Medlemsregister<\/a>, <a title=\"Stadgar\" href=\"\/?page_id=17\">Stadgar<\/a> <\/strong>och <strong><a title=\"Sk\u00f6tselavtal\" href=\"\/?page_id=263\">Sk\u00f6tselavtal<\/a>. <\/strong>Detsamma g\u00e4ller f\u00f6r\u00a0<strong><strong><a title=\"Styrelsen informerar\" href=\"\/?page_id=13\">Styrelsen informerar<\/a><\/strong> <\/strong>och sidan\u00a0<strong><a title=\"Vad tycker du om \u2026\" href=\"\/?page_id=41\">Vad tycker du om&#8230;?<\/a> <\/strong>d\u00e4r styrelsen ska f\u00f6rs\u00f6ka h\u00e5lla medlemmarna uppdaterade \u00e5ret runt och d\u00e4r det ocks\u00e5 kommer att st\u00e4llas fr\u00e5gor om vad medlemmarna tycker i olika angel\u00e4genheter. Det blir \u00e4ven m\u00f6jligt att som enskild medlem aktualisera nya \u00e4renden.<\/p>\n<p>F\u00f6r att komma in p\u00e5 de h\u00e4r sidorna kr\u00e4vs ett l\u00f6senord som du som \u00e4r medlem sj\u00e4lv kan h\u00e4mta h\u00e4rifr\u00e5n. Hur man g\u00f6r finns beskrivet i <a href=\"\/hur_man_hamtar_losenord.pdf\">en kort manual som du kan ladda ner h\u00e4r<\/a>.<\/p>\n<p>Till h\u00f6ger p\u00e5 den h\u00e4r sidan kan du se n\u00e4r det publicerats n\u00e5gonting nytt om vad som h\u00e4nder p\u00e5 L\u00f6rudden och\/eller i hamnf\u00f6reningen. Du kan f\u00f6lja v\u00e4derutvecklingen kring Br\u00e4m\u00f6n timme f\u00f6r timme och du kan ta reda p\u00e5 vilka fartyg det \u00e4r som passerar ute till havs. Du hittar ocks\u00e5 l\u00e4nkar till intressef\u00f6reningarna p\u00e5 Br\u00e4m\u00f6n och Kalven, till n\u00e4ringsidkarna p\u00e5 L\u00f6ran och till andra sidor med information om kuststr\u00e4ckan vid Br\u00e4m\u00f6sundet.<a href=\"http:\/\/xn--lranshamnfrening-mwbj.se\/wp-content\/uploads\/2011\/05\/DSC05635.jpg\"><img decoding=\"async\" loading=\"lazy\" class=\"alignnone size-full wp-image-300\" title=\"DSC05635\" src=\"http:\/\/xn--lranshamnfrening-mwbj.se\/wp-content\/uploads\/2011\/05\/DSC05635-e1305633768250.jpg\" alt=\"\" width=\"3064\" height=\"1559\" srcset=\"http:\/\/xn--lranshamnfrening-mwbj.se\/wp-content\/uploads\/2011\/05\/DSC05635-e1305633768250.jpg 3064w, http:\/\/xn--lranshamnfrening-mwbj.se\/wp-content\/uploads\/2011\/05\/DSC05635-e1305633768250-300x152.jpg 300w, http:\/\/xn--lranshamnfrening-mwbj.se\/wp-content\/uploads\/2011\/05\/DSC05635-e1305633768250-1024x521.jpg 1024w\" sizes=\"(max-width: 3064px) 100vw, 3064px\" \/><\/a><\/p>\n","protected":false},"excerpt":{"rendered":"<p>H\u00e4r hittar du information om L\u00f6rudden och L\u00f6rans hamnf\u00f6rening &#8211; v\u00e4lkommen! Det lilla fiskel\u00e4get vid Bottenhavet s\u00f6der om Sundsvall heter L\u00f6rudden, men kallas i dagligt tal f\u00f6r L\u00f6ran. D\u00e4rf\u00f6r anv\u00e4nds b\u00e5da namnen n\u00e4r det p\u00e5 den h\u00e4r hemsidan informeras om &hellip; <a href=\"http:\/\/xn--lranshamnfrening-mwbj.se\/\">Forts\u00e4tt l\u00e4sa <span class=\"meta-nav\">&rarr;<\/span><\/a><\/p>\n","protected":false},"author":2,"featured_media":296,"parent":0,"menu_order":0,"comment_status":"open","ping_status":"open","template":"","meta":[],"_links":{"self":[{"href":"http:\/\/xn--lranshamnfrening-mwbj.se\/index.php?rest_route=\/wp\/v2\/pages\/190"}],"collection":[{"href":"http:\/\/xn--lranshamnfrening-mwbj.se\/index.php?rest_route=\/wp\/v2\/pages"}],"about":[{"href":"http:\/\/xn--lranshamnfrening-mwbj.se\/index.php?rest_route=\/wp\/v2\/types\/page"}],"author":[{"embeddable":true,"href":"http:\/\/xn--lranshamnfrening-mwbj.se\/index.php?rest_route=\/wp\/v2\/users\/2"}],"replies":[{"embeddable":true,"href":"http:\/\/xn--lranshamnfrening-mwbj.se\/index.php?rest_route=%2Fwp%2Fv2%2Fcomments&post=190"}],"version-history":[{"count":22,"href":"http:\/\/xn--lranshamnfrening-mwbj.se\/index.php?rest_route=\/wp\/v2\/pages\/190\/revisions"}],"predecessor-version":[{"id":1183,"href":"http:\/\/xn--lranshamnfrening-mwbj.se\/index.php?rest_route=\/wp\/v2\/pages\/190\/revisions\/1183"}],"wp:featuredmedia":[{"embeddable":true,"href":"http:\/\/xn--lranshamnfrening-mwbj.se\/index.php?rest_route=\/wp\/v2\/media\/296"}],"wp:attachment":[{"href":"http:\/\/xn--lranshamnfrening-mwbj.se\/index.php?rest_route=%2Fwp%2Fv2%2Fmedia&parent=190"}],"curies":[{"name":"wp","href":"https:\/\/api.w.org\/{rel}","templated":true}]}}