{"id":1613,"date":"2019-04-21T17:12:46","date_gmt":"2019-04-21T15:12:46","guid":{"rendered":"http:\/\/xn--lranshamnfrening-mwbj.se\/?page_id=1613"},"modified":"2019-04-21T17:21:17","modified_gmt":"2019-04-21T15:21:17","slug":"stor-satsning-pa-fiskemuseet-pa-loran-bidrag-beviljat-pa-over-800-000-kronor","status":"publish","type":"page","link":"https:\/\/xn--lranshamnfrening-mwbj.se\/?page_id=1613","title":{"rendered":"Stor satsning p\u00e5 fiskemuseet p\u00e5 L\u00f6ran"},"content":{"rendered":"<p><span class=\"x_s5\"><span class=\"x_bumpedFont15\">L\u00f6rans Hamnf\u00f6rening har beviljats bidrag med upp till 846 000 kronor f\u00f6r att f\u00e4rdigst\u00e4lla och utveckla fiskemuseet p\u00e5 L\u00f6rudden. Pengarna kommer fr\u00e5n Landsbygdsprogrammet och Leader Mittland Plus och best\u00e5r till 50 procent av EU-medel.<\/span><\/span><\/p>\n<p><span class=\"x_s5\"><span class=\"x_bumpedFont15\">Museet \u00e4r inrymt i den gamla isboden i hamnen som med ideella krafter r\u00e4ddats fr\u00e5n f\u00f6rfall. Det har haft en mycket provisorisk utformning sedan det \u00f6ppnades f\u00f6r n\u00e5gra \u00e5r sedan, men nu har det allts\u00e5 skapats f\u00f6ruts\u00e4ttningar f\u00f6r att ett permanent fiskemuseum ska kunna invigas.<\/span><\/span><\/p>\n<p><span class=\"x_s5\"><span class=\"x_bumpedFont15\">-Fantastiskt roligt, s\u00e4ger Morgan \u00c5hlund, ordf\u00f6rande i f\u00f6reningen. Nu kan vi f\u00f6rverkliga de visioner som finns och slutf\u00f6ra skapandet av en ny turistattraktion p\u00e5 L\u00f6ran som b\u00e5de bidrar till bevarandet av kulturarvet och till den framtida utvecklingen av bes\u00f6ksn\u00e4ringen h\u00e4r ute.<\/span><\/span><\/p>\n<p><span class=\"x_s5\"><span class=\"x_bumpedFont15\">Pengarna har anslagits till ett projekt d\u00e4r det uttalade syftet \u00e4r att f\u00f6r ortsbor och turister levandeg\u00f6ra den kulturhistoria som \u00e4r f\u00f6rknippad med fiskel\u00e4gena vid Br\u00e4m\u00f6sundet och att d\u00e4rigenom \u00f6ka attraktionskraften och f\u00f6rb\u00e4ttra m\u00f6jligheterna f\u00f6r den lokala bes\u00f6ksn\u00e4ringen att utvecklas. M\u00e5ls\u00e4ttningen \u00e4r ocks\u00e5 att \u00f6ka kunskapen om kulturarvet fiske och stimulera till fortsatt dokumentation och lokalhistoriska forskning.<\/span><\/span><\/p>\n<p><span class=\"x_s5\"><span class=\"x_bumpedFont15\">Projektet har flera best\u00e5ndsdelar och ska genomf\u00f6ras i olika faser. I den f\u00f6rsta och mest omfattande etappen ska renoveringen av byggnaden f\u00e4rdigst\u00e4llas s\u00e5 att det blir en \u00e4ndam\u00e5lsenlig lokal f\u00f6r museiverksamhet. Nytt yttertak ska l\u00e4ggas, v\u00e4ggarna ska isoleras och f\u00f6rses med inv\u00e4ndig v\u00e4ggbekl\u00e4dnad och det ska bli innertak och tr\u00e4golv. Samtidigt ska elledningar dras och belysning s\u00e4ttas upp. Planen \u00e4r att arbetet ska s\u00e4ttas ig\u00e5ng under v\u00e5ren och att det mesta av jobbet ska g\u00f6ras av inhyrda firmor. En hel del kompletterande arbeten m\u00e5ste dock \u00e4ven forts\u00e4ttningsvis g\u00f6ras ideellt.<\/span><\/span><\/p>\n<p><span class=\"x_s5\"><span class=\"x_bumpedFont15\">N\u00e4r byggnadsarbetet \u00e4r klart ska sj\u00e4lva utst\u00e4llningen ges en scenografiskt mer attraktiv utformning \u00e4n den hittills har haft. Utst\u00e4llningssk\u00e4rmar och informationsskyltar ska tillverkas professionellt och en del av utst\u00e4llningsmaterialet ska kunna ses p\u00e5 digital peksk\u00e4rm.<\/span><\/span><\/p>\n<p><span class=\"x_s5\"><span class=\"x_bumpedFont15\">I en avslutande etapp ska allt utst\u00e4llningsmaterial samt ytterligare ett stort antal bilder och ber\u00e4ttelser digitaliseras och tillg\u00e4ngligg\u00f6ras b\u00e5de f\u00f6r bes\u00f6kare i museet och p\u00e5 distans.<\/span><\/span><\/p>\n<p><span class=\"x_s5\"><span class=\"x_bumpedFont15\">Projektets slutdatum \u00e4r 30 juni 2021.<\/span><\/span><\/p>\n","protected":false},"excerpt":{"rendered":"<p>L\u00f6rans Hamnf\u00f6rening har beviljats bidrag med upp till 846 000 kronor f\u00f6r att f\u00e4rdigst\u00e4lla och utveckla fiskemuseet p\u00e5 L\u00f6rudden. Pengarna kommer fr\u00e5n Landsbygdsprogrammet och Leader Mittland Plus och best\u00e5r till 50 procent av EU-medel. Museet \u00e4r inrymt i den gamla &hellip; <a href=\"https:\/\/xn--lranshamnfrening-mwbj.se\/?page_id=1613\">Forts\u00e4tt l\u00e4sa <span class=\"meta-nav\">&rarr;<\/span><\/a><\/p>\n","protected":false},"author":41,"featured_media":1615,"parent":80,"menu_order":0,"comment_status":"closed","ping_status":"closed","template":"","meta":[],"_links":{"self":[{"href":"https:\/\/xn--lranshamnfrening-mwbj.se\/index.php?rest_route=\/wp\/v2\/pages\/1613"}],"collection":[{"href":"https:\/\/xn--lranshamnfrening-mwbj.se\/index.php?rest_route=\/wp\/v2\/pages"}],"about":[{"href":"https:\/\/xn--lranshamnfrening-mwbj.se\/index.php?rest_route=\/wp\/v2\/types\/page"}],"author":[{"embeddable":true,"href":"https:\/\/xn--lranshamnfrening-mwbj.se\/index.php?rest_route=\/wp\/v2\/users\/41"}],"replies":[{"embeddable":true,"href":"https:\/\/xn--lranshamnfrening-mwbj.se\/index.php?rest_route=%2Fwp%2Fv2%2Fcomments&post=1613"}],"version-history":[{"count":3,"href":"https:\/\/xn--lranshamnfrening-mwbj.se\/index.php?rest_route=\/wp\/v2\/pages\/1613\/revisions"}],"predecessor-version":[{"id":1617,"href":"https:\/\/xn--lranshamnfrening-mwbj.se\/index.php?rest_route=\/wp\/v2\/pages\/1613\/revisions\/1617"}],"up":[{"embeddable":true,"href":"https:\/\/xn--lranshamnfrening-mwbj.se\/index.php?rest_route=\/wp\/v2\/pages\/80"}],"wp:featuredmedia":[{"embeddable":true,"href":"https:\/\/xn--lranshamnfrening-mwbj.se\/index.php?rest_route=\/wp\/v2\/media\/1615"}],"wp:attachment":[{"href":"https:\/\/xn--lranshamnfrening-mwbj.se\/index.php?rest_route=%2Fwp%2Fv2%2Fmedia&parent=1613"}],"curies":[{"name":"wp","href":"https:\/\/api.w.org\/{rel}","templated":true}]}}