{"id":17,"date":"2010-11-26T00:30:36","date_gmt":"2010-11-25T22:30:36","guid":{"rendered":"http:\/\/xn--lranshamnfrening-mwbj.se\/?page_id=17"},"modified":"2013-12-08T00:00:57","modified_gmt":"2013-12-07T22:00:57","slug":"stadgar","status":"publish","type":"page","link":"https:\/\/xn--lranshamnfrening-mwbj.se\/?page_id=17","title":{"rendered":"Stadgar"},"content":{"rendered":"<div class=\"members-access-error\">\n<p class=\"restricted\">Tyv\u00e4rr. Du m\u00e5ste vara inloggad f\u00f6r att f\u00e5 se denna sida.<\/p>\n<\/div>\n","protected":false},"excerpt":{"rendered":"<div class=\"members-access-error\">\n<p class=\"restricted\">Tyv\u00e4rr. Du m\u00e5ste vara inloggad f\u00f6r att f\u00e5 se denna sida.<\/p>\n<\/div>\n","protected":false},"author":1,"featured_media":302,"parent":91,"menu_order":2,"comment_status":"closed","ping_status":"closed","template":"","meta":[],"_links":{"self":[{"href":"https:\/\/xn--lranshamnfrening-mwbj.se\/index.php?rest_route=\/wp\/v2\/pages\/17"}],"collection":[{"href":"https:\/\/xn--lranshamnfrening-mwbj.se\/index.php?rest_route=\/wp\/v2\/pages"}],"about":[{"href":"https:\/\/xn--lranshamnfrening-mwbj.se\/index.php?rest_route=\/wp\/v2\/types\/page"}],"author":[{"embeddable":true,"href":"https:\/\/xn--lranshamnfrening-mwbj.se\/index.php?rest_route=\/wp\/v2\/users\/1"}],"replies":[{"embeddable":true,"href":"https:\/\/xn--lranshamnfrening-mwbj.se\/index.php?rest_route=%2Fwp%2Fv2%2Fcomments&post=17"}],"version-history":[{"count":10,"href":"https:\/\/xn--lranshamnfrening-mwbj.se\/index.php?rest_route=\/wp\/v2\/pages\/17\/revisions"}],"predecessor-version":[{"id":19,"href":"https:\/\/xn--lranshamnfrening-mwbj.se\/index.php?rest_route=\/wp\/v2\/pages\/17\/revisions\/19"}],"up":[{"embeddable":true,"href":"https:\/\/xn--lranshamnfrening-mwbj.se\/index.php?rest_route=\/wp\/v2\/pages\/91"}],"wp:featuredmedia":[{"embeddable":true,"href":"https:\/\/xn--lranshamnfrening-mwbj.se\/index.php?rest_route=\/wp\/v2\/media\/302"}],"wp:attachment":[{"href":"https:\/\/xn--lranshamnfrening-mwbj.se\/index.php?rest_route=%2Fwp%2Fv2%2Fmedia&parent=17"}],"curies":[{"name":"wp","href":"https:\/\/api.w.org\/{rel}","templated":true}]}}