{"id":20,"date":"2010-11-26T00:34:50","date_gmt":"2010-11-25T22:34:50","guid":{"rendered":"http:\/\/xn--lranshamnfrening-mwbj.se\/?page_id=20"},"modified":"2016-07-24T21:25:44","modified_gmt":"2016-07-24T19:25:44","slug":"motesprotokoll","status":"publish","type":"page","link":"https:\/\/xn--lranshamnfrening-mwbj.se\/?page_id=20","title":{"rendered":"Protokoll"},"content":{"rendered":"<div class=\"members-access-error\">\n<p class=\"restricted\">Tyv\u00e4rr. Du m\u00e5ste vara inloggad f\u00f6r att f\u00e5 se denna sida.<\/p>\n<\/div>\n","protected":false},"excerpt":{"rendered":"<div class=\"members-access-error\">\n<p class=\"restricted\">Tyv\u00e4rr. Du m\u00e5ste vara inloggad f\u00f6r att f\u00e5 se denna sida.<\/p>\n<\/div>\n","protected":false},"author":1,"featured_media":302,"parent":91,"menu_order":1,"comment_status":"closed","ping_status":"closed","template":"","meta":[],"_links":{"self":[{"href":"https:\/\/xn--lranshamnfrening-mwbj.se\/index.php?rest_route=\/wp\/v2\/pages\/20"}],"collection":[{"href":"https:\/\/xn--lranshamnfrening-mwbj.se\/index.php?rest_route=\/wp\/v2\/pages"}],"about":[{"href":"https:\/\/xn--lranshamnfrening-mwbj.se\/index.php?rest_route=\/wp\/v2\/types\/page"}],"author":[{"embeddable":true,"href":"https:\/\/xn--lranshamnfrening-mwbj.se\/index.php?rest_route=\/wp\/v2\/users\/1"}],"replies":[{"embeddable":true,"href":"https:\/\/xn--lranshamnfrening-mwbj.se\/index.php?rest_route=%2Fwp%2Fv2%2Fcomments&post=20"}],"version-history":[{"count":22,"href":"https:\/\/xn--lranshamnfrening-mwbj.se\/index.php?rest_route=\/wp\/v2\/pages\/20\/revisions"}],"predecessor-version":[{"id":1348,"href":"https:\/\/xn--lranshamnfrening-mwbj.se\/index.php?rest_route=\/wp\/v2\/pages\/20\/revisions\/1348"}],"up":[{"embeddable":true,"href":"https:\/\/xn--lranshamnfrening-mwbj.se\/index.php?rest_route=\/wp\/v2\/pages\/91"}],"wp:featuredmedia":[{"embeddable":true,"href":"https:\/\/xn--lranshamnfrening-mwbj.se\/index.php?rest_route=\/wp\/v2\/media\/302"}],"wp:attachment":[{"href":"https:\/\/xn--lranshamnfrening-mwbj.se\/index.php?rest_route=%2Fwp%2Fv2%2Fmedia&parent=20"}],"curies":[{"name":"wp","href":"https:\/\/api.w.org\/{rel}","templated":true}]}}