{"id":263,"date":"2011-05-07T17:15:06","date_gmt":"2011-05-07T15:15:06","guid":{"rendered":"http:\/\/xn--lranshamnfrening-mwbj.se\/?page_id=263"},"modified":"2011-05-18T18:32:08","modified_gmt":"2011-05-18T16:32:08","slug":"skotselavtal-2","status":"publish","type":"page","link":"https:\/\/xn--lranshamnfrening-mwbj.se\/?page_id=263","title":{"rendered":"Sk\u00f6tselavtal"},"content":{"rendered":"<div class=\"members-access-error\">\n<p class=\"restricted\">Tyv\u00e4rr. Du m\u00e5ste vara inloggad f\u00f6r att f\u00e5 se denna sida.<\/p>\n<\/div>\n","protected":false},"excerpt":{"rendered":"<div class=\"members-access-error\">\n<p class=\"restricted\">Tyv\u00e4rr. Du m\u00e5ste vara inloggad f\u00f6r att f\u00e5 se denna sida.<\/p>\n<\/div>\n","protected":false},"author":2,"featured_media":302,"parent":91,"menu_order":0,"comment_status":"open","ping_status":"open","template":"","meta":[],"_links":{"self":[{"href":"https:\/\/xn--lranshamnfrening-mwbj.se\/index.php?rest_route=\/wp\/v2\/pages\/263"}],"collection":[{"href":"https:\/\/xn--lranshamnfrening-mwbj.se\/index.php?rest_route=\/wp\/v2\/pages"}],"about":[{"href":"https:\/\/xn--lranshamnfrening-mwbj.se\/index.php?rest_route=\/wp\/v2\/types\/page"}],"author":[{"embeddable":true,"href":"https:\/\/xn--lranshamnfrening-mwbj.se\/index.php?rest_route=\/wp\/v2\/users\/2"}],"replies":[{"embeddable":true,"href":"https:\/\/xn--lranshamnfrening-mwbj.se\/index.php?rest_route=%2Fwp%2Fv2%2Fcomments&post=263"}],"version-history":[{"count":9,"href":"https:\/\/xn--lranshamnfrening-mwbj.se\/index.php?rest_route=\/wp\/v2\/pages\/263\/revisions"}],"predecessor-version":[{"id":265,"href":"https:\/\/xn--lranshamnfrening-mwbj.se\/index.php?rest_route=\/wp\/v2\/pages\/263\/revisions\/265"}],"up":[{"embeddable":true,"href":"https:\/\/xn--lranshamnfrening-mwbj.se\/index.php?rest_route=\/wp\/v2\/pages\/91"}],"wp:featuredmedia":[{"embeddable":true,"href":"https:\/\/xn--lranshamnfrening-mwbj.se\/index.php?rest_route=\/wp\/v2\/media\/302"}],"wp:attachment":[{"href":"https:\/\/xn--lranshamnfrening-mwbj.se\/index.php?rest_route=%2Fwp%2Fv2%2Fmedia&parent=263"}],"curies":[{"name":"wp","href":"https:\/\/api.w.org\/{rel}","templated":true}]}}