{"id":41,"date":"2010-11-26T01:08:59","date_gmt":"2010-11-25T23:08:59","guid":{"rendered":"http:\/\/xn--lranshamnfrening-mwbj.se\/?page_id=41"},"modified":"2011-05-17T14:18:06","modified_gmt":"2011-05-17T12:18:06","slug":"vad-tycker-du-om","status":"publish","type":"page","link":"https:\/\/xn--lranshamnfrening-mwbj.se\/?page_id=41","title":{"rendered":"Vad tycker du om &#8230;"},"content":{"rendered":"<div class=\"members-access-error\">\n<p class=\"restricted\">Tyv\u00e4rr. Du m\u00e5ste vara inloggad f\u00f6r att f\u00e5 se denna sida.<\/p>\n<\/div>\n","protected":false},"excerpt":{"rendered":"<div class=\"members-access-error\">\n<p class=\"restricted\">Tyv\u00e4rr. Du m\u00e5ste vara inloggad f\u00f6r att f\u00e5 se denna sida.<\/p>\n<\/div>\n","protected":false},"author":1,"featured_media":302,"parent":0,"menu_order":5,"comment_status":"closed","ping_status":"closed","template":"","meta":[],"_links":{"self":[{"href":"https:\/\/xn--lranshamnfrening-mwbj.se\/index.php?rest_route=\/wp\/v2\/pages\/41"}],"collection":[{"href":"https:\/\/xn--lranshamnfrening-mwbj.se\/index.php?rest_route=\/wp\/v2\/pages"}],"about":[{"href":"https:\/\/xn--lranshamnfrening-mwbj.se\/index.php?rest_route=\/wp\/v2\/types\/page"}],"author":[{"embeddable":true,"href":"https:\/\/xn--lranshamnfrening-mwbj.se\/index.php?rest_route=\/wp\/v2\/users\/1"}],"replies":[{"embeddable":true,"href":"https:\/\/xn--lranshamnfrening-mwbj.se\/index.php?rest_route=%2Fwp%2Fv2%2Fcomments&post=41"}],"version-history":[{"count":3,"href":"https:\/\/xn--lranshamnfrening-mwbj.se\/index.php?rest_route=\/wp\/v2\/pages\/41\/revisions"}],"predecessor-version":[{"id":43,"href":"https:\/\/xn--lranshamnfrening-mwbj.se\/index.php?rest_route=\/wp\/v2\/pages\/41\/revisions\/43"}],"wp:featuredmedia":[{"embeddable":true,"href":"https:\/\/xn--lranshamnfrening-mwbj.se\/index.php?rest_route=\/wp\/v2\/media\/302"}],"wp:attachment":[{"href":"https:\/\/xn--lranshamnfrening-mwbj.se\/index.php?rest_route=%2Fwp%2Fv2%2Fmedia&parent=41"}],"curies":[{"name":"wp","href":"https:\/\/api.w.org\/{rel}","templated":true}]}}