{"id":69,"date":"2011-04-14T14:44:15","date_gmt":"2011-04-14T12:44:15","guid":{"rendered":"http:\/\/xn--lranshamnfrening-mwbj.se\/?page_id=69"},"modified":"2011-05-18T19:39:22","modified_gmt":"2011-05-18T17:39:22","slug":"om-lorudden-3","status":"publish","type":"page","link":"https:\/\/xn--lranshamnfrening-mwbj.se\/?page_id=69","title":{"rendered":"L\u00f6rudden"},"content":{"rendered":"<h2><strong>Levande fiskel\u00e4ge och ett paradis f\u00f6r bes\u00f6kare och sommarstuge\u00e4gare<\/strong><\/h2>\n<p>F\u00f6r att komma till L\u00f6rudden, eller L\u00f6ran som ortsbefolkningen s\u00e4ger, sv\u00e4nger man av fr\u00e5n E4 vid Njurundabommen s\u00f6der om Sundsvall och k\u00f6r s\u00e5 l\u00e5ngt v\u00e4gen r\u00e4cker, n\u00e4stan \u00e4nda fram till Bottenhavets strand vid Br\u00e4m\u00f6sundet.<\/p>\n<p><a href=\"http:\/\/xn--lranshamnfrening-mwbj.se\/wp-content\/uploads\/2011\/04\/DSC05494.jpg\"><img decoding=\"async\" loading=\"lazy\" class=\"alignright size-large wp-image-124\" title=\"DSC05494\" src=\"http:\/\/xn--lranshamnfrening-mwbj.se\/wp-content\/uploads\/2011\/04\/DSC05494-768x1024.jpg\" alt=\"\" width=\"640\" height=\"853\" srcset=\"https:\/\/xn--lranshamnfrening-mwbj.se\/wp-content\/uploads\/2011\/04\/DSC05494-768x1024.jpg 768w, https:\/\/xn--lranshamnfrening-mwbj.se\/wp-content\/uploads\/2011\/04\/DSC05494-225x300.jpg 225w\" sizes=\"(max-width: 640px) 100vw, 640px\" \/><\/a>H\u00e4r ligger ett litet fiskel\u00e4ge med mycket gamla anor d\u00e4r det \u00e4n idag bedrivs ett yrkesm\u00e4ssigt kustn\u00e4ra fiske. H\u00e4r finns en v\u00e4lrenommerad fiskrestaurang, fiskaff\u00e4r med r\u00f6keri, presentbutik, konstgalleri och ett mindre fiskemuseum.<\/p>\n<p><a href=\"http:\/\/xn--lranshamnfrening-mwbj.se\/wp-content\/uploads\/2011\/04\/IMG_2943.jpg\"><img decoding=\"async\" loading=\"lazy\" class=\"alignleft size-medium wp-image-180\" title=\"IMG_2943\" src=\"http:\/\/xn--lranshamnfrening-mwbj.se\/wp-content\/uploads\/2011\/04\/IMG_2943-300x200.jpg\" alt=\"\" width=\"300\" height=\"200\" srcset=\"https:\/\/xn--lranshamnfrening-mwbj.se\/wp-content\/uploads\/2011\/04\/IMG_2943-300x200.jpg 300w, https:\/\/xn--lranshamnfrening-mwbj.se\/wp-content\/uploads\/2011\/04\/IMG_2943-1024x682.jpg 1024w, https:\/\/xn--lranshamnfrening-mwbj.se\/wp-content\/uploads\/2011\/04\/IMG_2943.jpg 1728w\" sizes=\"(max-width: 300px) 100vw, 300px\" \/><\/a>Sommartid \u00e4r det alltid liv och r\u00f6relse bland de sm\u00e5 r\u00f6da stugorna med vita knutar som st\u00e5r uppradade i hamnen. L\u00f6rudden \u00e4r ett mycket popul\u00e4rt utflyktsm\u00e5l och f\u00f6r den som inte kommer f\u00f6r att g\u00f6ra ett\u00a0restaurangbes\u00f6k eller f\u00f6r att handla i\u00a0butikerna \u00e4r det kanske picknic med sol och\u00a0bad ute p\u00e5 klipph\u00e4llarna som h\u00e4grar.<\/p>\n<p>&nbsp;<\/p>\n<p><a href=\"http:\/\/xn--lranshamnfrening-mwbj.se\/wp-content\/uploads\/2011\/04\/DSC05183.jpg\"><img decoding=\"async\" loading=\"lazy\" class=\"alignright size-medium wp-image-73\" title=\"DSC05183\" src=\"http:\/\/xn--lranshamnfrening-mwbj.se\/wp-content\/uploads\/2011\/04\/DSC05183-300x225.jpg\" alt=\"\" width=\"300\" height=\"225\" srcset=\"https:\/\/xn--lranshamnfrening-mwbj.se\/wp-content\/uploads\/2011\/04\/DSC05183-300x225.jpg 300w, https:\/\/xn--lranshamnfrening-mwbj.se\/wp-content\/uploads\/2011\/04\/DSC05183-1024x768.jpg 1024w\" sizes=\"(max-width: 300px) 100vw, 300px\" \/><\/a><\/p>\n<p>&nbsp;<\/p>\n<p>L\u00f6rudden \u00e4r ocks\u00e5 en popul\u00e4r plats f\u00f6r f\u00e5gelsk\u00e5dare. Det finns en mycket intressant <a href=\"http:\/\/xn--lranshamnfrening-mwbj.se\/wp-content\/uploads\/2011\/04\/IMG_8854_3.jpg\"><img decoding=\"async\" loading=\"lazy\" class=\"alignleft size-thumbnail wp-image-182\" title=\"IMG_8854_3\" src=\"http:\/\/xn--lranshamnfrening-mwbj.se\/wp-content\/uploads\/2011\/04\/IMG_8854_3-150x150.jpg\" alt=\"\" width=\"150\" height=\"150\" \/><\/a>v\u00e4xtlighet fr\u00e5n fiskel\u00e4get och s\u00f6derut och i det lilla fiskarkapellet\u00a0gifter man sig g\u00e4rna eller d\u00f6per sina barn.<\/p>\n<p>&nbsp;<\/p>\n<p><a href=\"http:\/\/xn--lranshamnfrening-mwbj.se\/wp-content\/uploads\/2011\/04\/DSC02754.jpg\"><img decoding=\"async\" loading=\"lazy\" class=\"alignleft size-medium wp-image-72\" title=\"DSC02754\" src=\"http:\/\/xn--lranshamnfrening-mwbj.se\/wp-content\/uploads\/2011\/04\/DSC02754-225x300.jpg\" alt=\"N\u00e4t och hink\" width=\"225\" height=\"300\" srcset=\"https:\/\/xn--lranshamnfrening-mwbj.se\/wp-content\/uploads\/2011\/04\/DSC02754-225x300.jpg 225w, https:\/\/xn--lranshamnfrening-mwbj.se\/wp-content\/uploads\/2011\/04\/DSC02754.jpg 270w\" sizes=\"(max-width: 225px) 100vw, 225px\" \/><\/a><\/p>\n<p>&nbsp;<\/p>\n<p>Idag \u00e4r det bara ett par hush\u00e5ll p\u00e5 L\u00f6rudden som livn\u00e4r sig p\u00e5 fiske och det \u00e4r inte m\u00e5nga hus som \u00e4r bebodda \u00e5ret om. Flertalet av de gamla fiskarstugorna anv\u00e4nds som fritidshus, men m\u00e5nga av dem \u00e4gs av \u00e4ttlingar till forna tiders yrkesfiskare.<\/p>\n<p>Fiskat i vattnen utanf\u00f6r L\u00f6rudden har man gjort i m\u00e5nga \u00e5rhundraden och de f\u00f6rsta, enkla bos\u00e4ttningarna i hamnen tillkom n\u00e5gon g\u00e5ng under 1500-talet.<\/p>\n<p>&nbsp;<\/p>\n<p>Det var fr\u00e4mmande fiskare, f\u00f6retr\u00e4desvis\u00a0fr\u00e5n G\u00e4vle, som slog sig ner h\u00e4r under somrarna. F\u00f6rst fiskade man mot s k lega till strand\u00e4garna, sedan fick man kunglig f\u00f6retr\u00e4desr\u00e4tt till str\u00f6mmingsfisket l\u00e4ngs\u00a0hela norrlandskusten. Men efter starka protester \u00e5tertogs detta l\u00f6fte p\u00e5 1590-talet och g\u00e4vleborna b\u00f6rjade \u00e5ter att betala arrende till de b\u00f6nderna i Njurunda socken som \u00e4gde marken och var fisker\u00e4tts\u00e4gare vid L\u00f6rudden.<\/p>\n<p>N\u00e4r Gustav ll Adolf p\u00e5 1620-talet grundade Sundsvalls stad ingrep dock kungamakten p\u00e5 nytt och tog ifr\u00e5n b\u00f6nderna s\u00e5v\u00e4l fisker\u00e4tten som marken vid fiskel\u00e4get. F\u00f6r att de nya borgarna i Sundsvall skulle kunna \u00f6verleva s\u00e5 m\u00e5ste de &#8211; i brist p\u00e5 andra n\u00e4ringar i den nya staden &#8211; ges m\u00f6jligheter till fiske efter str\u00f6mming. Det var ett beslut som skulle resultera i m\u00e5nga stridigheter, en del rent handgripliga. I flera hundra \u00e5r, \u00e4nda in i modern tid, skulle r\u00e4ttsprocesserna avl\u00f6sa varandra och aldrig n\u00e5gonsin blev det \u00e4nd\u00e5 helt klart utrett hur det kungliga privilegiet skulle tolkas.<\/p>\n<p>Detta hindrade inte sundsvallsborna fr\u00e5n att varje v\u00e5r l\u00e4mna staden f\u00f6r att bos\u00e4tta sig ute p\u00e5 L\u00f6rudden \u00f6ver sommaren och l\u00e5ngt in p\u00e5 h\u00f6sten s\u00e5 l\u00e4nge som fiske var m\u00f6jligt att bedriva. Antalet fiskare varierade i takt med str\u00f6mmingstillg\u00e5ngen, men \u00e5r f\u00f6r \u00e5r tillkom nya fiskarstugor. Fr\u00e5n 1772 finns en anteckning om att inte mindre \u00e4n 76 fiskare var verksamma p\u00e5 L\u00f6rudden. P\u00e5 den tiden hade fiskarna boskap med sig ut fr\u00e5n staden d\u00e4r de hade ladug\u00e5rdar i anslutning till sina hus. Senare, n\u00e4r Sundsvall blev stad med moderna m\u00e5tt m\u00e4tt, hyrde fiskarna kor \u00f6ver sommaren f\u00f6r att f\u00e5 tillg\u00e5ng till mj\u00f6lk.<\/p>\n<p>Med st\u00f6d av det kungliga privilegiet k\u00e4nde sig fiskarna p\u00e5 L\u00f6rudden lite f\u00f6r mer \u00e4n andra fiskare vid medelpadskusten, rent av lite bl\u00e5blodiga. D\u00e4rav namnet fiskaradeln som de bar med inte s\u00e5 liten stolthet l\u00e5ngt in p\u00e5 1900-talet.<\/p>\n<p><a href=\"http:\/\/xn--lranshamnfrening-mwbj.se\/wp-content\/uploads\/2011\/04\/DSC05526.jpg\"><img decoding=\"async\" loading=\"lazy\" class=\"alignleft size-medium wp-image-133\" title=\"DSC05526\" src=\"http:\/\/xn--lranshamnfrening-mwbj.se\/wp-content\/uploads\/2011\/04\/DSC05526-300x225.jpg\" alt=\"\" width=\"300\" height=\"225\" srcset=\"https:\/\/xn--lranshamnfrening-mwbj.se\/wp-content\/uploads\/2011\/04\/DSC05526-300x225.jpg 300w, https:\/\/xn--lranshamnfrening-mwbj.se\/wp-content\/uploads\/2011\/04\/DSC05526-1024x768.jpg 1024w\" sizes=\"(max-width: 300px) 100vw, 300px\" \/><\/a><a href=\"http:\/\/xn--lranshamnfrening-mwbj.se\/wp-content\/uploads\/2011\/04\/DSC05529.jpg\"><img decoding=\"async\" loading=\"lazy\" class=\"alignright size-medium wp-image-135\" title=\"DSC05529\" src=\"http:\/\/xn--lranshamnfrening-mwbj.se\/wp-content\/uploads\/2011\/04\/DSC05529-225x300.jpg\" alt=\"\" width=\"225\" height=\"300\" srcset=\"https:\/\/xn--lranshamnfrening-mwbj.se\/wp-content\/uploads\/2011\/04\/DSC05529-225x300.jpg 225w, https:\/\/xn--lranshamnfrening-mwbj.se\/wp-content\/uploads\/2011\/04\/DSC05529-768x1024.jpg 768w\" sizes=\"(max-width: 225px) 100vw, 225px\" \/><\/a><\/p>\n<p>&nbsp;<\/p>\n<p>&nbsp;<\/p>\n<p>&nbsp;<\/p>\n<p>&nbsp;<\/p>\n<p>&nbsp;<\/p>\n<p>&nbsp;<\/p>\n<p>&nbsp;<\/p>\n<p>Den viktigaste byggnaden var kapellet som ursprungligen uppf\u00f6rdes redan i b\u00f6rjan av 1600-talet. D\u00e4r h\u00f6lls f\u00f6rst\u00e5s gudstj\u00e4nster. Fiskarna var gudfruktiga, men litade inte alltid p\u00e5 Guds kraft allena. Ett visst m\u00e5tt av vidskepelse fick dem ocks\u00e5 att \u00e4gna sig \u00e5t andra typer av besv\u00e4rjelser. Om det vittnar \u00e4n idag ett antal labyrinter, eller trojaborgar, som en del fiskare gickomkring i ute p\u00e5 L\u00f6rudden f\u00f6r att g\u00f6ra sig\u00a0av med\u00a0ov\u00e4lkommet s\u00e4llskap innan de gav sig av ut till sj\u00f6ss. Eller om det nu fanns andra anledningar f\u00f6r labyrintpromenaderna som somliga tror.<\/p>\n<p><a href=\"http:\/\/xn--lranshamnfrening-mwbj.se\/wp-content\/uploads\/2011\/04\/DSC05532.jpg\"><img decoding=\"async\" loading=\"lazy\" class=\"alignright size-medium wp-image-134\" title=\"DSC05532\" src=\"http:\/\/xn--lranshamnfrening-mwbj.se\/wp-content\/uploads\/2011\/04\/DSC05532-225x300.jpg\" alt=\"\" width=\"225\" height=\"300\" srcset=\"https:\/\/xn--lranshamnfrening-mwbj.se\/wp-content\/uploads\/2011\/04\/DSC05532-225x300.jpg 225w, https:\/\/xn--lranshamnfrening-mwbj.se\/wp-content\/uploads\/2011\/04\/DSC05532-768x1024.jpg 768w\" sizes=\"(max-width: 225px) 100vw, 225px\" \/><\/a><\/p>\n<p>&nbsp;<\/p>\n<p>Kapellet anv\u00e4ndes ocks\u00e5 som r\u00e4tteg\u00e5ngslokal eftersom fiskarna f\u00f6rr i tiden hade r\u00e4tt att \u00e4gna sig \u00e5t egen r\u00e4ttsskipning enligt en s\u00e4rskild f\u00f6rordning om hamnr\u00e4tt. I varje hamn fanns en hamnfogde som hade till uppgift att \u00f6vervaka att fisket f\u00f6ljde f\u00f6reskrifterna, b\u00e5de de legala och de i hamnen gemensamt \u00f6verenskomna. P\u00e5 L\u00f6rudden s\u00e5g han bl a tidvis till att all fiskeredskap l\u00e5stes in i kapellet \u00f6ver vintern s\u00e5 att ingen av fiskarna skulle frestas att b\u00f6rja med v\u00e5rfisket f\u00f6re alla andra.<\/p>\n<p>Fram till 1908 var det enbart segel- och roddb\u00e5tar som g\u00e4llde. Men d\u00e5 kom den f\u00f6rsta motorb\u00e5ten till hamnen och en bit in p\u00e5 1920-talet hade alla \u00f6vergett seglandet till f\u00f6rm\u00e5n f\u00f6r kult\u00e4ndare och s\u00e5 sm\u00e5ningom \u00e4ven aktersnurror. N\u00e4r plasten kom blev ocks\u00e5 de gamla tr\u00e4b\u00e5tarna omoderna och idag finns bara ett f\u00e5tal b\u00e5tar gjorda i tr\u00e4 i L\u00f6ruddens hamn. Den allra sista tr\u00e4b\u00e5ten som tillverkades i fiskel\u00e4get \u00e4r idag museif\u00f6rem\u00e5l och kring den finns en liten utst\u00e4llning om fiskarna och fisket f\u00f6rr i tiden arrangerad p\u00e5 privat initiativ.<\/p>\n<p><a href=\"http:\/\/xn--lranshamnfrening-mwbj.se\/wp-content\/uploads\/2011\/04\/DSC05509.jpg\"><img decoding=\"async\" loading=\"lazy\" class=\"alignnone size-large wp-image-126\" title=\"DSC05509\" src=\"http:\/\/xn--lranshamnfrening-mwbj.se\/wp-content\/uploads\/2011\/04\/DSC05509-1024x768.jpg\" alt=\"\" width=\"640\" height=\"480\" srcset=\"https:\/\/xn--lranshamnfrening-mwbj.se\/wp-content\/uploads\/2011\/04\/DSC05509-1024x768.jpg 1024w, https:\/\/xn--lranshamnfrening-mwbj.se\/wp-content\/uploads\/2011\/04\/DSC05509-300x225.jpg 300w\" sizes=\"(max-width: 640px) 100vw, 640px\" \/><\/a>Yrkesfiskarna som \u00e4r verksamma idag anv\u00e4nder tr\u00e5lb\u00e5tar f\u00f6r str\u00f6mmingsfisket och mindre plastb\u00e5tar med snabbg\u00e5ende utombordsmotorer f\u00f6r fisket efter lax, \u00f6ring, sik och abborre. F\u00e5ngsterna levereras till surstr\u00f6mmingstillverkning, till fiskrestaurangen i hamnen eller f\u00f6r\u00e4dlas och s\u00e4ljs i den egna fiskbutiken med r\u00f6keri.<\/p>\n<p>Den \u00e4ldsta bebyggelsen i hamnen idag \u00e4r den som finns p\u00e5 den v\u00e4stra s\u00e5 kallade landsidan. D\u00e4r \u00e4r de \u00e4ldsta husen byggda p\u00e5 1720-talet, n\u00e5gra \u00e5r efter det att ryssarna 1721 br\u00e4nde ner all bebyggelse p\u00e5 sin v\u00e4g mot Sundsvall och eldh\u00e4rjandet d\u00e4r. P\u00e5 den motsatta sidan, \u00a0som f\u00f6re det senaste \u00e5rhundradets landh\u00f6jning var en halv\u00f6, \u00e4r husen och sj\u00f6bodarna byggda efter 1910 d\u00e5 en av fiskare orsakad brand \u00f6delade all bebyggelse.<\/p>\n<p>Efter branden 1910 byggdes det allra f\u00f6rsta fritidshuset p\u00e5 L\u00f6rudden, men det skulle dr\u00f6ja en bit in p\u00e5 1930-talet innan fiskel\u00e4get p\u00e5 allvar blev tillg\u00e4ngligt ocks\u00e5 f\u00f6r andra \u00e4n yrkesfiskarna. D\u00e5 byggdes det v\u00e4g ut till havsbandet och det var inte l\u00e4ngre bara g\u00e5endes eller per b\u00e5t som man kunde ta sig fram. Den riktiga fritidsboomen kom dock f\u00f6rst med den tilltagande bilismen p\u00e5 1960-talet. D\u00e5 b\u00f6rjade \u00e4ven m\u00e5nga utan n\u00e5gon tidigare kontakt med fisken\u00e4ringen att bygga sommarstugor p\u00e5 L\u00f6rudden och d\u00e5 tog det r\u00f6rliga friluftslivet fart p\u00e5 allvar.<\/p>\n<p>I ett halvt sekel har nu fiskel\u00e4get varit ett av de popul\u00e4rare utflyktsm\u00e5len i sundsvallsomr\u00e5det. I kombination med det levande yrkesfisket d\u00e4r f\u00e5ngster tas om hand och s\u00e4ljs direkt till kund, den s\u00e4rpr\u00e4glade kulturmilj\u00f6n med fiskarstugor, kapell och labyrinter och den karga och mycket intressanta naturen ute vid Bottenhavet har popul\u00e4ra utsk\u00e4nkningsst\u00e4llen utgjort en mycket stark dragningskraft. H\u00e4r fanns f\u00f6rst ett caf\u00e9, sedan ett v\u00e4rdshus och nu en v\u00e4lbes\u00f6kt restaurang med mycket gott rykte.<\/p>\n<p>Det \u00e4r framf\u00f6r allt bes\u00f6kare med bil som hittar ut till L\u00f6rudden. Men en och annan b\u00e5tturist tar sig ocks\u00e5 i land \u00e4ven om det \u00e4r mycket tr\u00e5ngt om saligheten inne i hamnen.<\/p>\n<p><strong>L\u00e4s mer om L\u00f6rudden<\/strong><\/p>\n<p><em>Hans-Olof Jonsson: <\/em><strong>Fiskaradeln<\/strong> Femhundra \u00e5r p\u00e5 L\u00f6rudden &#8211; ett fiskel\u00e4ge i Medelpad<\/p>\n<p><em>L\u00e4nsmuseet V\u00e4sternorrland:<\/em> <strong>V\u00e4sternorrland. V\u00e4stafrika<\/strong>, kustn\u00e4ra fiske<\/p>\n<p><em>Rolf Lidberg &amp; H\u00e5kan Lindstr\u00f6m:<\/em> <strong>Medelpads flora<\/strong><\/p>\n<p>&nbsp;<\/p>\n","protected":false},"excerpt":{"rendered":"<p>Levande fiskel\u00e4ge och ett paradis f\u00f6r bes\u00f6kare och sommarstuge\u00e4gare F\u00f6r att komma till L\u00f6rudden, eller L\u00f6ran som ortsbefolkningen s\u00e4ger, sv\u00e4nger man av fr\u00e5n E4 vid Njurundabommen s\u00f6der om Sundsvall och k\u00f6r s\u00e5 l\u00e5ngt v\u00e4gen r\u00e4cker, n\u00e4stan \u00e4nda fram till Bottenhavets &hellip; <a href=\"https:\/\/xn--lranshamnfrening-mwbj.se\/?page_id=69\">Forts\u00e4tt l\u00e4sa <span class=\"meta-nav\">&rarr;<\/span><\/a><\/p>\n","protected":false},"author":2,"featured_media":302,"parent":0,"menu_order":2,"comment_status":"open","ping_status":"open","template":"","meta":[],"_links":{"self":[{"href":"https:\/\/xn--lranshamnfrening-mwbj.se\/index.php?rest_route=\/wp\/v2\/pages\/69"}],"collection":[{"href":"https:\/\/xn--lranshamnfrening-mwbj.se\/index.php?rest_route=\/wp\/v2\/pages"}],"about":[{"href":"https:\/\/xn--lranshamnfrening-mwbj.se\/index.php?rest_route=\/wp\/v2\/types\/page"}],"author":[{"embeddable":true,"href":"https:\/\/xn--lranshamnfrening-mwbj.se\/index.php?rest_route=\/wp\/v2\/users\/2"}],"replies":[{"embeddable":true,"href":"https:\/\/xn--lranshamnfrening-mwbj.se\/index.php?rest_route=%2Fwp%2Fv2%2Fcomments&post=69"}],"version-history":[{"count":28,"href":"https:\/\/xn--lranshamnfrening-mwbj.se\/index.php?rest_route=\/wp\/v2\/pages\/69\/revisions"}],"predecessor-version":[{"id":107,"href":"https:\/\/xn--lranshamnfrening-mwbj.se\/index.php?rest_route=\/wp\/v2\/pages\/69\/revisions\/107"}],"wp:featuredmedia":[{"embeddable":true,"href":"https:\/\/xn--lranshamnfrening-mwbj.se\/index.php?rest_route=\/wp\/v2\/media\/302"}],"wp:attachment":[{"href":"https:\/\/xn--lranshamnfrening-mwbj.se\/index.php?rest_route=%2Fwp%2Fv2%2Fmedia&parent=69"}],"curies":[{"name":"wp","href":"https:\/\/api.w.org\/{rel}","templated":true}]}}